{"id":10544,"date":"2024-08-21T20:43:31","date_gmt":"2024-08-21T20:43:31","guid":{"rendered":"https:\/\/famtraveltours.com.mx\/?post_type=product&#038;p=10544"},"modified":"2024-08-21T20:52:12","modified_gmt":"2024-08-21T20:52:12","slug":"xplor-fuego","status":"publish","type":"product","link":"https:\/\/famtraveltours.com.mx\/?product=xplor-fuego","title":{"rendered":"XPLOR FUEGO"},"content":{"rendered":"<p>\/*! elementor &#8211; v3.12.1 &#8211; 02-04-2023 *\/<br \/>\n.elementor-heading-title{padding:0;margin:0;line-height:1}.elementor-widget-heading .elementor-heading-title[class*=elementor-size-]&gt;a{color:inherit;font-size:inherit;line-height:inherit}.elementor-widget-heading .elementor-heading-title.elementor-size-small{font-size:15px}.elementor-widget-heading .elementor-heading-title.elementor-size-medium{font-size:19px}.elementor-widget-heading .elementor-heading-title.elementor-size-large{font-size:29px}.elementor-widget-heading .elementor-heading-title.elementor-size-xl{font-size:39px}.elementor-widget-heading .elementor-heading-title.elementor-size-xxl{font-size:59px}<\/p>\n","protected":false},"excerpt":{"rendered":"<p>\u00a1Bienvenidos a Tour Xplor Fuego!<\/p>\n<p>Hoy comenzaremos con transporte redondo desde su hotel o punto de reuni\u00f3n para que puedan relajarse y prepararse para la aventura que les espera. Su experiencia comienza con un emocionante circuito de 7 tirolesas, seguido de una emocionante aventura en anfibio por la selva. A continuaci\u00f3n, exploraremos una expedici\u00f3n subterr\u00e1nea y navegaremos por un r\u00edo subterr\u00e1neo a bordo de una balsa. Tambi\u00e9n podr\u00e1n disfrutar de un circuito para nadar en un r\u00edo de estalactitas y experimentar la nueva atracci\u00f3n, el <strong>TOBOGANXOTE<\/strong>.<\/p>\n<p>Adem\u00e1s, realizaremos una caminata por impresionantes cavernas y tendr\u00e1n acceso a snacks y bebidas sin alcohol ilimitadas. Al final del d\u00eda, disfrutar\u00e1n de una deliciosa cena buffet con costillas y opciones vegetarianas.<\/p>\n<p>El parque tambi\u00e9n ofrece casilleros, \u00e1reas de descanso, vestidores y ba\u00f1os para su comodidad.<\/p>\n<p>Estamos encantados de tenerlos con nosotros y esperamos que disfruten cada momento de esta aventura inolvidable en Xplor Fuego. \u00a1Prep\u00e1rense para un d\u00eda lleno de emoci\u00f3n y adrenalina!<\/p>\n","protected":false},"featured_media":10545,"comment_status":"open","ping_status":"closed","template":"","meta":[],"product_cat":[49],"product_tag":[],"class_list":{"0":"post-10544","1":"product","2":"type-product","3":"status-publish","4":"has-post-thumbnail","6":"product_cat-xcaret","8":"first","9":"instock","10":"shipping-taxable","11":"product-type-simple"},"_links":{"self":[{"href":"https:\/\/famtraveltours.com.mx\/index.php?rest_route=\/wp\/v2\/product\/10544"}],"collection":[{"href":"https:\/\/famtraveltours.com.mx\/index.php?rest_route=\/wp\/v2\/product"}],"about":[{"href":"https:\/\/famtraveltours.com.mx\/index.php?rest_route=\/wp\/v2\/types\/product"}],"replies":[{"embeddable":true,"href":"https:\/\/famtraveltours.com.mx\/index.php?rest_route=%2Fwp%2Fv2%2Fcomments&post=10544"}],"wp:featuredmedia":[{"embeddable":true,"href":"https:\/\/famtraveltours.com.mx\/index.php?rest_route=\/wp\/v2\/media\/10545"}],"wp:attachment":[{"href":"https:\/\/famtraveltours.com.mx\/index.php?rest_route=%2Fwp%2Fv2%2Fmedia&parent=10544"}],"wp:term":[{"taxonomy":"product_cat","embeddable":true,"href":"https:\/\/famtraveltours.com.mx\/index.php?rest_route=%2Fwp%2Fv2%2Fproduct_cat&post=10544"},{"taxonomy":"product_tag","embeddable":true,"href":"https:\/\/famtraveltours.com.mx\/index.php?rest_route=%2Fwp%2Fv2%2Fproduct_tag&post=10544"}],"curies":[{"name":"wp","href":"https:\/\/api.w.org\/{rel}","templated":true}]}}