{"id":9877,"date":"2024-07-19T19:09:03","date_gmt":"2024-07-19T19:09:03","guid":{"rendered":"https:\/\/famtraveltours.com.mx\/?post_type=product&#038;p=9877"},"modified":"2024-08-21T20:15:34","modified_gmt":"2024-08-21T20:15:34","slug":"parque-4","status":"publish","type":"product","link":"https:\/\/famtraveltours.com.mx\/?product=parque-4","title":{"rendered":"XCARET PLUS"},"content":{"rendered":"\t\t<div data-elementor-type=\"product-post\" data-elementor-id=\"9877\" class=\"elementor elementor-9877\" data-elementor-post-type=\"product\">\n\t\t\t\t\t\t<section class=\"elementor-section elementor-top-section elementor-element elementor-element-e423a91 elementor-section-full_width elementor-section-height-default elementor-section-height-default\" data-id=\"e423a91\" data-element_type=\"section\">\n\t\t\t\t\t\t<div class=\"elementor-container elementor-column-gap-default\">\n\t\t\t\t\t<div class=\"elementor-column elementor-col-100 elementor-top-column elementor-element elementor-element-9d7bf1c\" data-id=\"9d7bf1c\" data-element_type=\"column\">\n\t\t\t<div class=\"elementor-widget-wrap elementor-element-populated\">\n\t\t\t\t\t\t<div class=\"elementor-element elementor-element-ef6d672 elementor-widget elementor-widget-heading\" data-id=\"ef6d672\" data-element_type=\"widget\" data-widget_type=\"heading.default\">\n\t\t\t\t<div class=\"elementor-widget-container\">\n\t\t\t<style>\/*! elementor - v3.23.0 - 25-07-2024 *\/\n.elementor-heading-title{padding:0;margin:0;line-height:1}.elementor-widget-heading .elementor-heading-title[class*=elementor-size-]>a{color:inherit;font-size:inherit;line-height:inherit}.elementor-widget-heading .elementor-heading-title.elementor-size-small{font-size:15px}.elementor-widget-heading .elementor-heading-title.elementor-size-medium{font-size:19px}.elementor-widget-heading .elementor-heading-title.elementor-size-large{font-size:29px}.elementor-widget-heading .elementor-heading-title.elementor-size-xl{font-size:39px}.elementor-widget-heading .elementor-heading-title.elementor-size-xxl{font-size:59px}<\/style><p class=\"elementor-heading-title elementor-size-default\">Lorem ipsum dolor sit amet, consectetur adipiscing elit. Donec congue ipsum et turpis euismod, vitae accumsan eros aliquet. Donec at odio nec libero ultrices scelerisque. Vestibulum volutpat rhoncus risus blandit mollis. Donec sapien felis, accumsan id mauris vel, finibus vulputate lectus. Sed eget est magna. Nulla non erat bibendum, sagittis diam vitae, tempor magna. Pellentesque ac odio lectus. Morbi venenatis auctor mauris ut euismod. Nullam consequat nulla quis mi ultrices, ut porttitor enim lacinia. Sed sit amet turpis quis risus cursus cursus ac eleifend ipsum. Pellentesque habitant morbi tristique senectus et netus et malesuada fames ac turpis egestas. Duis tincidunt sagittis eros, nec finibus nunc eleifend ac. Fusce congue urna augue, id rutrum eros rhoncus vitae. Duis aliquet sapien ut purus iaculis, ac pellentesque odio molestie.<\/p>\t\t<\/div>\n\t\t\t\t<\/div>\n\t\t\t\t\t<\/div>\n\t\t<\/div>\n\t\t\t\t\t<\/div>\n\t\t<\/section>\n\t\t\t\t<\/div>\n\t\t","protected":false},"excerpt":{"rendered":"<p>\u00a1Bienvenidos a nuestro emocionante Tour Xcaret Plus!<\/p>\n<p>Hoy les ofrecemos una experiencia inolvidable con transporte redondo desde su hotel o punto de Reuni\u00f3n para su comodidad. Al llegar, tendr\u00e1n acceso al \u00e1rea Plus, donde podr\u00e1n disfrutar de una comida buffet incluida, con una cerveza o aguas ilimitadas durante el consumo.<\/p>\n<p>La aventura comienza con un recorrido fascinante por tres r\u00edos subterr\u00e1neos, seguido de tiempo para relajarse en la playa, explorar Caletas y disfrutar de los pozos naturales (incluye el uso de equipo de snorkel, chalecos salvavidas y llantas flotantes para su seguridad y confort). Tambi\u00e9n podr\u00e1n visitar el acuario, el Mariposario y el Aviario, y para los m\u00e1s peque\u00f1os, hay un \u00e1rea especial en el Mundo de Ni\u00f1os.<\/p>\n<p>Para cerrar con broche de oro, no se pierdan la impresionante presentaci\u00f3n del Show Xcaret M\u00e9xico Espectacular, un espect\u00e1culo vibrante que celebra la cultura y tradici\u00f3n mexicana.<\/p>\n<p>\u00a1Vamos a disfrutar de una jornada memorable en Xcaret!<\/p>\n","protected":false},"featured_media":10538,"comment_status":"open","ping_status":"closed","template":"","meta":[],"product_cat":[49],"product_tag":[],"class_list":{"0":"post-9877","1":"product","2":"type-product","3":"status-publish","4":"has-post-thumbnail","6":"product_cat-xcaret","8":"first","9":"instock","10":"shipping-taxable","11":"purchasable","12":"product-type-simple"},"_links":{"self":[{"href":"https:\/\/famtraveltours.com.mx\/index.php?rest_route=\/wp\/v2\/product\/9877"}],"collection":[{"href":"https:\/\/famtraveltours.com.mx\/index.php?rest_route=\/wp\/v2\/product"}],"about":[{"href":"https:\/\/famtraveltours.com.mx\/index.php?rest_route=\/wp\/v2\/types\/product"}],"replies":[{"embeddable":true,"href":"https:\/\/famtraveltours.com.mx\/index.php?rest_route=%2Fwp%2Fv2%2Fcomments&post=9877"}],"wp:featuredmedia":[{"embeddable":true,"href":"https:\/\/famtraveltours.com.mx\/index.php?rest_route=\/wp\/v2\/media\/10538"}],"wp:attachment":[{"href":"https:\/\/famtraveltours.com.mx\/index.php?rest_route=%2Fwp%2Fv2%2Fmedia&parent=9877"}],"wp:term":[{"taxonomy":"product_cat","embeddable":true,"href":"https:\/\/famtraveltours.com.mx\/index.php?rest_route=%2Fwp%2Fv2%2Fproduct_cat&post=9877"},{"taxonomy":"product_tag","embeddable":true,"href":"https:\/\/famtraveltours.com.mx\/index.php?rest_route=%2Fwp%2Fv2%2Fproduct_tag&post=9877"}],"curies":[{"name":"wp","href":"https:\/\/api.w.org\/{rel}","templated":true}]}}